{"id":361,"date":"2020-04-24T21:36:17","date_gmt":"2020-04-24T21:36:17","guid":{"rendered":"http:\/\/www.industriasguerran.com\/sitio\/?post_type=product&#038;p=361"},"modified":"2026-03-28T06:50:38","modified_gmt":"2026-03-28T06:50:38","slug":"cajas-secas","status":"publish","type":"product","link":"https:\/\/www.industriasguerran.com\/sitio\/producto\/cajas-secas\/","title":{"rendered":"CAJAS SECAS"},"content":{"rendered":"<p><strong>Construcci\u00f3n:<\/strong><\/p>\n<ul>\n<li>Sistema de acoplamiento por medio de king pin a 36\u201d marca Holland con placa de deslizamiento c-3\/8 a36.<\/li>\n<li>Piso encino laminado 1 5\/16\u201d<\/li>\n<li>Soportes para patines en placa c-3\/16 x 2\u201d, con 1 puentes de canal u de 3\u201d.<\/li>\n<li>Juego patines de dos velocidades reforzados de 180,000.00 lbs.<\/li>\n<li>Porta llanta sencillo<\/li>\n<li>Bordas laterales inferior de aluminio extruido tipo 6061-t6 de 11.98 \u201calto, borda lateral<\/li>\n<li>Superior del tipo 6061-t6 de 6.5\u201d extruido, borda superior frontal en tres piezas c0n esquineros r-6<\/li>\n<li>Forrado exterior de costados, frente y esquineros, r-6 de aluminio bco-0.50,<\/li>\n<li>Postes tipo log\u00edstico de sombrero de 1 3\/16\u201d de alto c-16x 114\u201d, frente 4 de 3 c-16.<\/li>\n<li>Techo en una sola pieza c-0.40<\/li>\n<li>Marco trasero fabricado en perfil rectangular 3\/16 x 2 x4 con escuadras de amarre al primer puente.<\/li>\n<li>Forrado interior de triplay o duraplate plastificado seg\u00fan requerimientos.<\/li>\n<li>Zoclo interior de 12\u201den acero galvanizado c-16.<\/li>\n<li>Porta llantas sencillo<\/li>\n<li>Par de puertas abatibles tipo libro con doble cerrojo.<\/li>\n<\/ul>\n<p><strong>Suspensi\u00f3n:<\/strong><\/p>\n<ul>\n<li>Suspensi\u00f3n neum\u00e1tica de 30,000 lbs por eje, tipo ht-300.<\/li>\n<li>Ejes redondos de 5\u201dcapacidad de 30,000 lbs, con espesor de 3\/4\u201d, con mazas de hierro gris.<\/li>\n<li>4 tambores de hierro gris.<\/li>\n<li>Frenos de 16 1\u20442\u201d x 7\u201d, con c\u00e1maras de doble diafragma, tanques de aire, y conectores frontales.<\/li>\n<li>Sistema abc tipo wabco tipo 4s\/2m.<\/li>\n<li>8 rines tipo disco de 24.5\u201d x 8.25\u201d de 10 birlos, sistema unimont con capacidad de 8,000 lbs.<\/li>\n<li>8 llantas radiales 11r 24.5\u201d de 16 capas. (Opcional seg\u00fan preferencia del cliente) luces y se\u00f1alamientos:<\/li>\n<li>Enchufe de 7 v\u00edas de 12 volts, incluyendo l\u00ednea para abs.<\/li>\n<li>Plafones sellados led tipo tractolamp<\/li>\n<li>Plafones laterales 4 \u00e1mbar, 2 rojos, con direccional al centro para punto ciego.<\/li>\n<li>4 plafones traseros para cuartos, 2 direccionales, 2 para stop, tres tipo redondo 2\u201d.<\/li>\n<li>Luz para porta-placa.<\/li>\n<li>Cinta reflejante en costados, defensa trasera, incluyendo se\u00f1alamientos de doble remolque.<\/li>\n<\/ul>\n<p><strong>Pintura:<\/strong><\/p>\n<ul>\n<li>Protecci\u00f3n anti-corrosiva en toda la estructura<\/li>\n<li>Esmalte auto motivo aplicado sobre primario.<\/li>\n<\/ul>\n<p><a href=\"http:\/\/www.industriasguerran.com\/sitio\/contacto\/\"><img loading=\"lazy\" decoding=\"async\" class=\"alignleft wp-image-412\" src=\"http:\/\/www.industriasguerran.com\/sitio\/wp-content\/uploads\/2020\/04\/boton-300x82.png\" alt=\"\" width=\"150\" height=\"41\" srcset=\"https:\/\/www.industriasguerran.com\/sitio\/wp-content\/uploads\/2020\/04\/boton-300x82.png 300w, https:\/\/www.industriasguerran.com\/sitio\/wp-content\/uploads\/2020\/04\/boton.png 434w\" sizes=\"auto, (max-width: 150px) 100vw, 150px\" \/><\/a><\/p>\n","protected":false},"excerpt":{"rendered":"<p>Los semirremolque tipo <strong>Caja Seca<\/strong> son ideales para transportar cualquier tipo de carga que requieras proteger de los medios clim\u00e1tico, adem\u00e1s son resistentes, ligeras est\u00e9ticas y aerodin\u00e1mica, est\u00e1n <strong>disponibles en diferentes medidas desde 38\u2019,40\u2019,48\u2019, 53\u2019 en 2 ejes<\/strong>, ayudando a nuestros clientes a satisfacer sus necesidades.<\/p>\n","protected":false},"featured_media":413,"comment_status":"open","ping_status":"closed","template":"","meta":[],"class_list":{"0":"post-361","1":"product","2":"type-product","3":"status-publish","4":"has-post-thumbnail","6":"product_cat-equipos","8":"first","9":"instock","10":"shipping-taxable","11":"product-type-simple"},"_links":{"self":[{"href":"https:\/\/www.industriasguerran.com\/sitio\/wp-json\/wp\/v2\/product\/361","targetHints":{"allow":["GET"]}}],"collection":[{"href":"https:\/\/www.industriasguerran.com\/sitio\/wp-json\/wp\/v2\/product"}],"about":[{"href":"https:\/\/www.industriasguerran.com\/sitio\/wp-json\/wp\/v2\/types\/product"}],"replies":[{"embeddable":true,"href":"https:\/\/www.industriasguerran.com\/sitio\/wp-json\/wp\/v2\/comments?post=361"}],"wp:featuredmedia":[{"embeddable":true,"href":"https:\/\/www.industriasguerran.com\/sitio\/wp-json\/wp\/v2\/media\/413"}],"wp:attachment":[{"href":"https:\/\/www.industriasguerran.com\/sitio\/wp-json\/wp\/v2\/media?parent=361"}],"curies":[{"name":"wp","href":"https:\/\/api.w.org\/{rel}","templated":true}]}}