{"id":378,"date":"2020-04-24T21:51:20","date_gmt":"2020-04-24T21:51:20","guid":{"rendered":"http:\/\/www.industriasguerran.com\/sitio\/?post_type=product&#038;p=378"},"modified":"2026-03-28T06:50:57","modified_gmt":"2026-03-28T06:50:57","slug":"jaulas","status":"publish","type":"product","link":"https:\/\/www.industriasguerran.com\/sitio\/producto\/jaulas\/","title":{"rendered":"JAULAS"},"content":{"rendered":"<h3><\/h3>\n<p><strong>Construcci\u00f3n:<\/strong><\/p>\n<ul>\n<li>Sistema de acoplamiento por medio de king pin a 36\u201d marca Holland con placa de Deslizamiento c-3\/8 a36.<\/li>\n<li>Chasis portante o bastidores tipo viga i con espesor de alma de 1\u20444 \u201c, pat\u00edn superior e<\/li>\n<li>Inferior de solera de 5\/8\u201d x 6\u201d en dos piezas en acero de alta resistencia unidas con Soldadura tipo mig.<\/li>\n<li>Bordas laterales en canal u de 6\u201d en acero de alta resistencia con buchacas y banda de rozamiento de solera de 3\u201dx3\/8.<\/li>\n<li>Puentes de refuerzo transversal tipo c, troquelados de 18\u201d colocados a cada 50\u201d en c-10.<\/li>\n<li>Travesa\u00f1os de carga tipo c, troquelados de 5\u201d colocados a cada 16\u201d en c-10.<\/li>\n<li>Plafonera fabricada en acero c-3\/16, con 4 refuerzos tipo c troquelados con topes de<\/li>\n<li>Hule en las esquinas.<\/li>\n<li>Defensa tipo estribo troquelado de 3\u201dx 6\u201d c-3\/16, con caj\u00f3n para plafones y soporte para laderas.<\/li>\n<li>Soportes para patines en placa c-1\/4 x 3\u201d, con 2 puentes de ptr de 3\u201dx4\u201d c-3\/16 con apoyos al bastidor.<\/li>\n<li>Dos juegos de patines de dos velocidades reforzados de 180,000.00 lbs.<\/li>\n<li>Piso de madera de pino estufado con espesor de 1 5\/8\u201d, sujetado con tornillo autoroscante 1\u20444\u201d<\/li>\n<li>Porta llanta sencillo<\/li>\n<li>Riel lateral log\u00edstico con 10 winches de amarre para carga.<\/li>\n<li>Concha frontal fabricada en l\u00e1mina c-12 con 7 postes tipo omega, altura sobre necesidad del cliente.<\/li>\n<li>Postes de pared tipo omega c-12, que permiten fijaci\u00f3n interna.<\/li>\n<li>Revestimiento de paredes en tres presentaciones, pino estufado, l\u00e1mina troquelada, l\u00e1mina plastificada del tipo hdpe c-3\/4.<\/li>\n<li>Marco trasero fabricado en perfil troquelado c-10 con refuerzos internos.<\/li>\n<li>Puertas abatibles traseras con herrajes tipo tr\u00e1iler c-12.<\/li>\n<li>Par de puertas laterales chicas y ventanas para descarga laterales<\/li>\n<\/ul>\n<p><strong>Suspensi\u00f3n:<\/strong><\/p>\n<ul>\n<li>Suspensi\u00f3n neum\u00e1tica de 30,000 lbs por eje, tipo ht-300.<\/li>\n<li>3 ejes redondos de 5\u201dcapacidad de 30,000 lbs, con espesor de 3\/4\u201d, con mazas de hierro gris.<\/li>\n<li>4 tambores de hierro gris.<\/li>\n<li>Frenos de 16 1\u20442\u201d x 7\u201d, con c\u00e1maras de doble diafragma, tanques de aire, y conectores frontales.<\/li>\n<li>Sistema abc tipo wabco tipo 4s\/2m.<\/li>\n<li>8 rines tipo disco de 24.5\u201d x 8.25\u201d de 10 birlos, sistema unimont conncapacidad de 8,000 lbs.<\/li>\n<li>8 llantas radiales 11r 24.5\u201d de 16 capas. (opcional seg\u00fan preferencia del cliente)<\/li>\n<\/ul>\n<p><strong>Luces y se\u00f1alamientos:<\/strong><\/p>\n<ul>\n<li>Enchufe de 7 v\u00edas de 12 volts, incluyendo l\u00ednea para abs.<\/li>\n<li>Plafones sellados led tipo tractolamp<\/li>\n<li>Plafones laterales 4 ambar, 2 rojos, con direccional al centro para punto ciego.<\/li>\n<li>4 plafones traseros para cuartos, 2 direccionales, 2 para stop, tres tipo redondo 2\u201d.<\/li>\n<li>Luz para porta-placa.<\/li>\n<li>Cinta reflejante en costados, defensa trasera, incluyendo se\u00f1alamientos de doble remolque<\/li>\n<\/ul>\n<p><strong>Pintura:<\/strong><\/p>\n<ul>\n<li>Protecci\u00f3n anti-corrosiva en toda la estructura<\/li>\n<li>Esmalte auto motivo aplicado sobre primario.<\/li>\n<\/ul>\n<h3><a href=\"http:\/\/www.industriasguerran.com\/sitio\/contacto\/\"><img loading=\"lazy\" decoding=\"async\" class=\"wp-image-412 alignleft\" src=\"http:\/\/www.industriasguerran.com\/sitio\/wp-content\/uploads\/2020\/04\/boton-300x82.png\" alt=\"\" width=\"150\" height=\"41\" srcset=\"https:\/\/www.industriasguerran.com\/sitio\/wp-content\/uploads\/2020\/04\/boton-300x82.png 300w, https:\/\/www.industriasguerran.com\/sitio\/wp-content\/uploads\/2020\/04\/boton.png 434w\" sizes=\"auto, (max-width: 150px) 100vw, 150px\" \/><\/a><\/h3>\n","protected":false},"excerpt":{"rendered":"<p>Los semirremolque tipo jaulas est\u00e1n dise\u00f1ados para las m\u00e1s estrictas necesidades de transporte de mercanc\u00eda como granos, insumos, chatarra, etc. <strong>Disponibles en diferentes medidas, desde 36\u2019,38\u2019,40\u2019,42\u2019,45\u2019 en 2 y 3 ejes<\/strong>, ayudando as\u00ed a nuestros clientes a satisfacer sus necesidades.<\/p>\n<p>&nbsp;<\/p>\n","protected":false},"featured_media":404,"comment_status":"open","ping_status":"closed","template":"","meta":[],"class_list":{"0":"post-378","1":"product","2":"type-product","3":"status-publish","4":"has-post-thumbnail","6":"product_cat-equipos","8":"first","9":"instock","10":"shipping-taxable","11":"product-type-simple"},"_links":{"self":[{"href":"https:\/\/www.industriasguerran.com\/sitio\/wp-json\/wp\/v2\/product\/378","targetHints":{"allow":["GET"]}}],"collection":[{"href":"https:\/\/www.industriasguerran.com\/sitio\/wp-json\/wp\/v2\/product"}],"about":[{"href":"https:\/\/www.industriasguerran.com\/sitio\/wp-json\/wp\/v2\/types\/product"}],"replies":[{"embeddable":true,"href":"https:\/\/www.industriasguerran.com\/sitio\/wp-json\/wp\/v2\/comments?post=378"}],"wp:featuredmedia":[{"embeddable":true,"href":"https:\/\/www.industriasguerran.com\/sitio\/wp-json\/wp\/v2\/media\/404"}],"wp:attachment":[{"href":"https:\/\/www.industriasguerran.com\/sitio\/wp-json\/wp\/v2\/media?parent=378"}],"curies":[{"name":"wp","href":"https:\/\/api.w.org\/{rel}","templated":true}]}}